{"id":444,"date":"2022-03-24T15:23:47","date_gmt":"2022-03-24T15:23:47","guid":{"rendered":"https:\/\/aliothwp-light.pethemes.com\/?page_id=444"},"modified":"2023-07-01T15:41:39","modified_gmt":"2023-07-01T15:41:39","slug":"blog","status":"publish","type":"page","link":"https:\/\/nunacotton.com\/es\/blog\/","title":{"rendered":"Blog"},"content":{"rendered":"\t\t<div data-elementor-type=\"wp-page\" data-elementor-id=\"444\" class=\"elementor elementor-444\">\n\t\t\t\t\t\t\t\t\t<section class=\"elementor-section elementor-top-section elementor-element elementor-element-49610ec elementor-section-stretched wrapper-wide elementor-section-boxed elementor-section-height-default elementor-section-height-default elementor-invisible\" data-id=\"49610ec\" data-element_type=\"section\" data-settings=\"{&quot;stretch_section&quot;:&quot;section-stretched&quot;,&quot;animation&quot;:&quot;fadeInLeft&quot;,&quot;_ha_eqh_enable&quot;:false}\">\n\t\t\t\t\t\t<div class=\"elementor-container elementor-column-gap-default\">\n\t\t\t\t\t<div class=\"elementor-column elementor-col-100 elementor-top-column elementor-element elementor-element-83dd6ab\" data-id=\"83dd6ab\" data-element_type=\"column\">\n\t\t\t<div class=\"elementor-widget-wrap elementor-element-populated\">\n\t\t\t\t\t\t\t\t<div class=\"elementor-element elementor-element-1eb53ff ha-pg-grid-3 ha-pg-grid-tablet-2 ha-pg-grid-mobile-1 elementor-widget elementor-widget-ha-post-grid-new happy-addon ha-post-grid-new happy-addon-pro\" data-id=\"1eb53ff\" data-element_type=\"widget\" data-settings=\"{&quot;columns&quot;:&quot;3&quot;,&quot;columns_tablet&quot;:&quot;2&quot;,&quot;columns_mobile&quot;:&quot;1&quot;}\" data-widget_type=\"ha-post-grid-new.default\">\n\t\t\t\t<div class=\"elementor-widget-container\">\n\t\t\t\t\t\t\t\t\t<div class=\"ha-pg-wrapper ha-pg-default ha-pg-outbox\">\n\t\t\t\t\t<div class=\"ha-pg-grid-wrap\">\n\t\t\t\t\t\n\t\t\t\t\t\t\t\t<div class=\"ha-pg-item\">\n\t\t\t<div class=\"ha-pg-outbox-top\">\n\t\t\t\t\t\t\t\t\t<div class=\"ha-pg-thumb-area\">\n\t\t\t\t\t\t<a href=\"https:\/\/nunacotton.com\/es\/simulacro-de-evacuacion\/\" class=\"ha-pg-thumb\">\n\t\t\t\t\t\t\t<img loading=\"lazy\" decoding=\"async\" width=\"640\" height=\"288\" src=\"https:\/\/nunacotton.com\/wp-content\/uploads\/2023\/07\/1681430514244-1024x461.jpg\" class=\"attachment-large size-large wp-post-image\" alt=\"\" srcset=\"https:\/\/nunacotton.com\/wp-content\/uploads\/2023\/07\/1681430514244-1024x461.jpg 1024w, https:\/\/nunacotton.com\/wp-content\/uploads\/2023\/07\/1681430514244-300x135.jpg 300w, https:\/\/nunacotton.com\/wp-content\/uploads\/2023\/07\/1681430514244-768x346.jpg 768w, https:\/\/nunacotton.com\/wp-content\/uploads\/2023\/07\/1681430514244-1536x691.jpg 1536w, https:\/\/nunacotton.com\/wp-content\/uploads\/2023\/07\/1681430514244-18x8.jpg 18w, https:\/\/nunacotton.com\/wp-content\/uploads\/2023\/07\/1681430514244.jpg 1600w\" sizes=\"auto, (max-width: 640px) 100vw, 640px\" \/>\t\t\t\t\t\t<\/a>\n\n\t\t\t\t\t\t\t\t\t<div class=\"ha-pg-badge\">\n\t\t\t\t<a href=\"https:\/\/nunacotton.com\/es\/category\/blog\/\" class=\"ha-pg-badge-taxonomy\" rel=\"tag\">Blog<\/a>\t\t\t<\/div>\n\t\t\t\t\t\t\t\t\t\t<div class=\"ha-pg-avatar\">\n\t\t\t<svg xmlns=\"http:\/\/www.w3.org\/2000\/svg\" xmlns:xlink=\"http:\/\/www.w3.org\/1999\/xlink\" version=\"1.1\" id=\"Layer_1\" x=\"0px\" y=\"0px\" width=\"300px\" height=\"105px\" viewBox=\"0 0 300 105\" xml:space=\"preserve\">\n\t\t\t\t<path d=\"M0,104.9h300V79.8h-17.9c-26.1,0-49.8-14.6-62.1-37.6c-13.4-25-39.9-42.1-70.3-42.1s-56.8,17-70.3,42.1  c-12.3,23-36,37.6-62.1,37.6H0V104.9z\"><\/path>\n\t\t\t<\/svg>\n\t\t\t<img alt='' src='https:\/\/secure.gravatar.com\/avatar\/b998963b8b1382ef55e7d756a93e91c589bc06dfeb8b9a997502868110061c50?s=60&#038;d=mm&#038;r=g' srcset='https:\/\/secure.gravatar.com\/avatar\/b998963b8b1382ef55e7d756a93e91c589bc06dfeb8b9a997502868110061c50?s=120&#038;d=mm&#038;r=g 2x' class='avatar avatar-60 photo' height='60' width='60' \/>\t\t<\/div>\n\t\t\t\t\t\t\t<\/div>\n\t\t\t\t\t\t\t\t<div class=\"ha-pg-content-area\">\n\t\t\t\t\t<h4 class=\"ha-pg-title\"><a href=\"https:\/\/nunacotton.com\/es\/simulacro-de-evacuacion\/\">Simulacro de Evacuaci\u00f3n<\/a><\/h4>\n\t\t\t\t\t\t\t\t<div class=\"ha-pg-excerpt\">\n\t\t\t\t<p>Comprometidos siempre con la Seguridad de nuestros trabajadores, hoy 31 de mayo, participamos en el Simulacro Nacional Multipeligro, en conmemoraci\u00f3n a los 53 a\u00f1os del&hellip;<\/p>\t\t\t<\/div>\n\t\t\t\t\t\t<\/div>\n\t\t\t<\/div>\n            \t\t\t<div class=\"ha-pg-meta-wrap\">\n\t\t\t\t<ul>\n\t\t\t\t\t\t\t\t\t\t\t<li class=\"ha-pg-author\">\n\t\t\t\t\t\t\t\t<a class=\"ha-pg-author-text\" href=\"https:\/\/nunacotton.com\/es\/author\/nunacotton\/\">\n\t\t\t\t\t\t\t<svg xmlns=\"http:\/\/www.w3.org\/2000\/svg\" width=\"32\" height=\"32\" viewBox=\"0 0 32 32\"><path d=\"M30 26.4V29c0 1.7-1.3 3-3 3H5c-1.7 0-3-1.3-3-3v-2.6c0-4.6 3.8-8.4 8.4-8.4h1c1.4 0.6 2.9 1 4.6 1s3.2-0.4 4.6-1h1C26.2 18 30 21.8 30 26.4zM8 8c0-4.4 3.6-8 8-8s8 3.6 8 8 -3.6 8-8 8S8 12.4 8 8z\"\/><\/svg>\n\t\t\t\t\t\tNunaCotton\t\t<\/a>\n\t\t\t\t\t\t\t\t<\/li>\n\t\t\t\t\t\t\t\t\t\t\t\t\t\t\t\t<li class=\"ha-pg-date\">\n\t\t\t\t\t\t\t\t\t<a class=\"ha-pg-date-text\" href=\"https:\/\/nunacotton.com\/es\/2023\/07\/03\/\">\n\t\t\t\t\t\t\t<svg xmlns=\"http:\/\/www.w3.org\/2000\/svg\" width=\"32\" height=\"32\" viewBox=\"0 0 32 32\"><path d=\"M32 16c0 8.8-7.2 16-16 16S0 24.8 0 16 7.2 0 16 0 32 7.2 32 16zM22.2 19.5c0-0.3-0.2-0.6-0.4-0.8L18.1 16V6.7c0-0.6-0.5-1-1-1H15c-0.6 0-1 0.5-1 1v10 0c0 0.7 0.4 1.6 1 2l4.3 3.2c0.2 0.1 0.4 0.2 0.6 0.2 0.3 0 0.6-0.2 0.8-0.4l1.3-1.6C22.1 20 22.2 19.7 22.2 19.5z\"\/><\/svg>\n\t\t\t\t\t\t3 de julio de 2023\t\t<\/a>\n\t\t\t\t\t\t\t\t<\/li>\n\t\t\t\t\t\t\t\t\t\t\t\t\t\t<\/ul>\n\t\t\t<\/div>\n\t\t\t\t<\/div>\n\t\n\t\t\t\t\t\t\t\t\t\t\t\t\t\t\t<\/div>\n\t\t\t\t\t\t\t\t\t<\/div>\n\t\t\t\t\t\t\t<\/div>\n\t\t\t\t<\/div>\n\t\t\t\t\t<\/div>\n\t\t<\/div>\n\t\t\t\t\t\t\t<\/div>\n\t\t<\/section>\n\t\t\t\t\t\t\t<\/div>\n\t\t","protected":false},"excerpt":{"rendered":"<p>Blog Ejecutivo presenta programa Con Punche Per\u00fa Textil &#8211; [Cloned #212] El Poder Ejecutivo present\u00f3 Con Punche Per\u00fa Textil, un paquete de medidas centradas en tres ejes que buscan impulsar la reactivaci\u00f3n econ\u00f3mica del sector textil&hellip; NunaCotton 27 de mayo de 2023 Blog Ejecutivo presenta programa Con Punche Per\u00fa Textil &#8211; [Cloned #212] El Poder [&hellip;]<\/p>\n","protected":false},"author":1,"featured_media":0,"parent":0,"menu_order":0,"comment_status":"closed","ping_status":"closed","template":"","meta":{"om_disable_all_campaigns":false,"inline_featured_image":false,"_monsterinsights_skip_tracking":false,"_monsterinsights_sitenote_active":false,"_monsterinsights_sitenote_note":"","_monsterinsights_sitenote_category":0,"footnotes":""},"class_list":["post-444","page","type-page","status-publish","hentry"],"acf":[],"aioseo_notices":[],"_links":{"self":[{"href":"https:\/\/nunacotton.com\/es\/wp-json\/wp\/v2\/pages\/444","targetHints":{"allow":["GET"]}}],"collection":[{"href":"https:\/\/nunacotton.com\/es\/wp-json\/wp\/v2\/pages"}],"about":[{"href":"https:\/\/nunacotton.com\/es\/wp-json\/wp\/v2\/types\/page"}],"author":[{"embeddable":true,"href":"https:\/\/nunacotton.com\/es\/wp-json\/wp\/v2\/users\/1"}],"replies":[{"embeddable":true,"href":"https:\/\/nunacotton.com\/es\/wp-json\/wp\/v2\/comments?post=444"}],"version-history":[{"count":21,"href":"https:\/\/nunacotton.com\/es\/wp-json\/wp\/v2\/pages\/444\/revisions"}],"predecessor-version":[{"id":4001,"href":"https:\/\/nunacotton.com\/es\/wp-json\/wp\/v2\/pages\/444\/revisions\/4001"}],"wp:attachment":[{"href":"https:\/\/nunacotton.com\/es\/wp-json\/wp\/v2\/media?parent=444"}],"curies":[{"name":"wp","href":"https:\/\/api.w.org\/{rel}","templated":true}]}}